{"id":103,"date":"2016-08-10T17:41:01","date_gmt":"2016-08-10T15:41:01","guid":{"rendered":"http:\/\/www.ichmachwort.de\/?page_id=103"},"modified":"2018-09-05T16:56:40","modified_gmt":"2018-09-05T14:56:40","slug":"tim-roeloffs","status":"publish","type":"page","link":"http:\/\/www.ichmachwort.de\/?page_id=103","title":{"rendered":"Tim Roeloffs"},"content":{"rendered":"<p>Im Februar 2018 er\u00f6ffnete in der Lichtenberg Herzbergstra\u00dfe 53 die KULTURBOTSCHAFT, ein Kunstprojekt ehemaliger K\u00fcnstler des Tacheles, inklusive dem Berliner Kulturbotschafter Tim Roeloffs. \u00dcber das erste Foto kommt ihr zu den Seiten der Kulturbotschaft auf Facebook. \u00dcber das zweite zu Tims Seite im Netz.<\/p>\n<p><a href=\"https:\/\/www.facebook.com\/KulturbotschaftLichtenberg\/?hc_ref=ARRI2U_AyX7jnApnKdo-dfz-Xr2iUN919Q3eLKQ384t7inkppj0MSv5_ZoKqeALhOzQ\" target=\"_blank\"><img loading=\"lazy\" decoding=\"async\" src=\"http:\/\/www.ichmachwort.de\/wp-content\/uploads\/2018\/02\/kulturbotschaft.jpg\" alt=\"klassenfeind\" width=\"600\" height=\"400\" class=\"alignnone size-full wp-image-204\" \/><\/a><\/p>\n<p><a href=\"http:\/\/www.tim-roeloffs.de\/http\/-\/www-tim-roeloffs-de\" target=\"_blank\"><img loading=\"lazy\" decoding=\"async\" src=\"http:\/\/www.ichmachwort.de\/wp-content\/uploads\/2018\/02\/kulturbotschaft2.jpg\" alt=\"k\u00fcche galerie tim\" width=\"1000\" height=\"562\" class=\"alignnone size-full wp-image-200\" \/><\/p>\n","protected":false},"excerpt":{"rendered":"<p>Im Februar 2018 er\u00f6ffnete in der Lichtenberg Herzbergstra\u00dfe 53 die KULTURBOTSCHAFT, ein Kunstprojekt ehemaliger K\u00fcnstler des Tacheles, inklusive dem Berliner Kulturbotschafter Tim Roeloffs. \u00dcber das erste Foto kommt ihr zu den Seiten der Kulturbotschaft auf Facebook. \u00dcber das zweite zu Tims Seite im Netz.<\/p>\n","protected":false},"author":1,"featured_media":200,"parent":0,"menu_order":1,"comment_status":"open","ping_status":"closed","template":"","meta":{"footnotes":""},"class_list":["post-103","page","type-page","status-publish","has-post-thumbnail","hentry"],"_links":{"self":[{"href":"http:\/\/www.ichmachwort.de\/index.php?rest_route=\/wp\/v2\/pages\/103","targetHints":{"allow":["GET"]}}],"collection":[{"href":"http:\/\/www.ichmachwort.de\/index.php?rest_route=\/wp\/v2\/pages"}],"about":[{"href":"http:\/\/www.ichmachwort.de\/index.php?rest_route=\/wp\/v2\/types\/page"}],"author":[{"embeddable":true,"href":"http:\/\/www.ichmachwort.de\/index.php?rest_route=\/wp\/v2\/users\/1"}],"replies":[{"embeddable":true,"href":"http:\/\/www.ichmachwort.de\/index.php?rest_route=%2Fwp%2Fv2%2Fcomments&post=103"}],"version-history":[{"count":28,"href":"http:\/\/www.ichmachwort.de\/index.php?rest_route=\/wp\/v2\/pages\/103\/revisions"}],"predecessor-version":[{"id":446,"href":"http:\/\/www.ichmachwort.de\/index.php?rest_route=\/wp\/v2\/pages\/103\/revisions\/446"}],"wp:featuredmedia":[{"embeddable":true,"href":"http:\/\/www.ichmachwort.de\/index.php?rest_route=\/wp\/v2\/media\/200"}],"wp:attachment":[{"href":"http:\/\/www.ichmachwort.de\/index.php?rest_route=%2Fwp%2Fv2%2Fmedia&parent=103"}],"curies":[{"name":"wp","href":"https:\/\/api.w.org\/{rel}","templated":true}]}}