{"id":108,"date":"2016-08-10T17:43:28","date_gmt":"2016-08-10T15:43:28","guid":{"rendered":"http:\/\/www.ichmachwort.de\/?page_id=108"},"modified":"2023-06-03T12:09:39","modified_gmt":"2023-06-03T10:09:39","slug":"ingo-stephan","status":"publish","type":"page","link":"http:\/\/www.ichmachwort.de\/?page_id=108","title":{"rendered":"Ingo Stephan"},"content":{"rendered":"<p>Hier findet ihr Links zu meinen B\u00fcchern, die es teilweise nur als e-book gibt, noch. Einige sind wieder als Taschenbuch in Softcover erh\u00e4ltlich, wird von Amazon auf Bestellung gedruckt. Die Coverqualit\u00e4t ist noch nicht perfekt, aber ihr habt die Geschichten als Buch in den H\u00e4nden.<\/p>\n<p>Ich lege mich beim Genre nicht fest. Die Stoffe finden mich und geben mir vor, wie sie geschrieben werden wollen. Mal poetischer, mal als Thriller, mal grotesk. Und mal gelingt mir was und mal nicht. Lest einfach jedes Buch an und entscheidet euch. Ausz\u00fcge und neue Arbeiten folgen nat\u00fcrlich noch.<\/p>\n<p><a href=\"https:\/\/www.amazon.de\/Berlin-Garb%C3%A1typlatz-Ingo-Stephan-ebook\/dp\/B0C2YVRRHS\/ref=sr_1_1?__mk_de_DE=%C3%85M%C3%85%C5%BD%C3%95%C3%91&amp;crid=1UGKVVYW34X6N&amp;keywords=ingo+stephan+berlin+garbatyplatz&amp;qid=1685785534&amp;sprefix=ingo+stephan+berlin+garbatyplatz%2Caps%2C106&amp;sr=8-1\" target=\"_blank\" rel=\"noopener noreferrer\"><img loading=\"lazy\" decoding=\"async\" src=\"http:\/\/www.ichmachwort.de\/wp-content\/uploads\/2023\/06\/Cover-Adrian-scaled.jpg\" class=\"alignnone size-full wp-image-128\" width=\"250\" height=\"358\"><\/a><br \/>\nBerlin Garb\u00e1typlatz<\/p>\n<p><a href=\"https:\/\/www.amazon.de\/H%C3%A4nschen-klein-Ingo-Stephan\/dp\/1719821283\" target=\"_blank\" rel=\"noopener noreferrer\"><img loading=\"lazy\" decoding=\"async\" src=\"http:\/\/www.ichmachwort.de\/wp-content\/uploads\/2018\/09\/m\u00e4dchen-mit-puppe-Kopie.jpg\" class=\"alignnone size-full wp-image-128\" width=\"250\" height=\"358\"><\/a><\/p>\n<p><a href=\"https:\/\/www.amazon.de\/dp\/B06Y69HQJJ\" target=\"_blank\" rel=\"noopener noreferrer\"><img loading=\"lazy\" decoding=\"async\" src=\"http:\/\/www.ichmachwort.de\/wp-content\/uploads\/2017\/04\/cover.jpg\" class=\"alignnone size-full wp-image-128\" width=\"250\" height=\"358\"><\/a><\/p>\n<p><a href=\"https:\/\/www.amazon.de\/dp\/B00AG1ZKUS\" target=\"_blank\" rel=\"noopener noreferrer\"><img loading=\"lazy\" decoding=\"async\" src=\"http:\/\/www.ichmachwort.de\/wp-content\/uploads\/2016\/08\/cham\u00e4leon.jpg\" alt=\"cham\u00e4leon\" class=\"alignnone size-full wp-image-128\" width=\"250\" height=\"358\" srcset=\"http:\/\/www.ichmachwort.de\/wp-content\/uploads\/2016\/08\/cham\u00e4leon.jpg 250w, http:\/\/www.ichmachwort.de\/wp-content\/uploads\/2016\/08\/cham\u00e4leon-209x300.jpg 209w\" sizes=\"auto, (max-width: 250px) 85vw, 250px\" \/><\/a><\/p>\n<p><a href=\"https:\/\/www.amazon.de\/dp\/B009SMWSRO\" target=\"_blank\" rel=\"noopener noreferrer\"><img loading=\"lazy\" decoding=\"async\" src=\"http:\/\/www.ichmachwort.de\/wp-content\/uploads\/2016\/08\/bolin-001.jpg\" alt=\"bolin 001\" class=\"alignnone size-full wp-image-125\" width=\"250\" height=\"360\" srcset=\"http:\/\/www.ichmachwort.de\/wp-content\/uploads\/2016\/08\/bolin-001.jpg 250w, http:\/\/www.ichmachwort.de\/wp-content\/uploads\/2016\/08\/bolin-001-208x300.jpg 208w\" sizes=\"auto, (max-width: 250px) 85vw, 250px\" \/><\/a><\/p>\n<p><a href=\"https:\/\/www.amazon.de\/dp\/B00AF7JJGE\" target=\"_blank\" rel=\"noopener noreferrer\"><img loading=\"lazy\" decoding=\"async\" src=\"http:\/\/www.ichmachwort.de\/wp-content\/uploads\/2016\/08\/hb.jpg\" alt=\"hb\" class=\"alignnone size-full wp-image-132\" width=\"250\" height=\"408\" srcset=\"http:\/\/www.ichmachwort.de\/wp-content\/uploads\/2016\/08\/hb.jpg 250w, http:\/\/www.ichmachwort.de\/wp-content\/uploads\/2016\/08\/hb-184x300.jpg 184w\" sizes=\"auto, (max-width: 250px) 85vw, 250px\" \/><\/a><\/p>\n<p><a href=\"https:\/\/www.amazon.de\/dp\/B00GOXWW4Y\" target=\"_blank\" rel=\"noopener noreferrer\"><img loading=\"lazy\" decoding=\"async\" src=\"http:\/\/www.ichmachwort.de\/wp-content\/uploads\/2016\/08\/das.jpg\" alt=\"das\" class=\"alignnone size-full wp-image-129\" width=\"250\" height=\"187\"><\/a><br \/>\n<a href=\"https:\/\/www.amazon.de\/dp\/B00GOXWW4Y\" target=\"_blank\" rel=\"noopener noreferrer\">Erz\u00e4hlungen &amp; t\u00e4gliche Beobachtungen<\/a><\/p>\n<p><a href=\"https:\/\/www.amazon.de\/dp\/B009SPMK6U\" target=\"_blank\" rel=\"noopener noreferrer\"><img loading=\"lazy\" decoding=\"async\" src=\"http:\/\/www.ichmachwort.de\/wp-content\/uploads\/2016\/08\/eros.jpg\" alt=\"eros\" class=\"alignnone size-full wp-image-130\" width=\"250\" height=\"375\" srcset=\"http:\/\/www.ichmachwort.de\/wp-content\/uploads\/2016\/08\/eros.jpg 250w, http:\/\/www.ichmachwort.de\/wp-content\/uploads\/2016\/08\/eros-200x300.jpg 200w\" sizes=\"auto, (max-width: 250px) 85vw, 250px\" \/><\/a><br \/>\n<a href=\"https:\/\/www.amazon.de\/dp\/B009SPMK6U\" target=\"_blank\" rel=\"noopener noreferrer\">eros \u2013 der mensch als maschine seiner triebe &#8211; ein unorthodoxes requiem auf die liebe zu zeiten der industriellen barbarei<\/a><\/p>\n<p><a href=\"https:\/\/www.amazon.de\/dp\/B009SNLISS\" target=\"_blank\" rel=\"noopener noreferrer\"><img loading=\"lazy\" decoding=\"async\" src=\"http:\/\/www.ichmachwort.de\/wp-content\/uploads\/2016\/08\/napoleon-1.jpg\" alt=\"napoleon-1\" class=\"alignnone size-full wp-image-133\" width=\"250\" height=\"311\" srcset=\"http:\/\/www.ichmachwort.de\/wp-content\/uploads\/2016\/08\/napoleon-1.jpg 250w, http:\/\/www.ichmachwort.de\/wp-content\/uploads\/2016\/08\/napoleon-1-241x300.jpg 241w\" sizes=\"auto, (max-width: 250px) 85vw, 250px\" \/><\/a><br \/>\n<a href=\"https:\/\/www.amazon.de\/dp\/B009SNLISS\" target=\"_blank\" rel=\"noopener noreferrer\">Der letzte Sommer des Joseph Fouch\u00e9 &#8211; Roman in zwei Teilen &#8211; erster Teil &#8211; Napoleons letzte Kaisertage<\/a><\/p>\n<p><a href=\"https:\/\/www.amazon.de\/dp\/B00MX8OLIO\" target=\"_blank\" rel=\"noopener noreferrer\"><img loading=\"lazy\" decoding=\"async\" src=\"http:\/\/www.ichmachwort.de\/wp-content\/uploads\/2016\/08\/gespenster.jpg\" alt=\"gespenster\" class=\"alignnone size-full wp-image-131\" width=\"250\" height=\"213\"><\/a><br \/>\n<a href=\"https:\/\/www.amazon.de\/dp\/B00MX8OLIO\" target=\"_blank\" rel=\"noopener noreferrer\">Gespenster &#8211; Psychothriller<\/a><\/p>\n<p>24a@web.de<\/p>\n","protected":false},"excerpt":{"rendered":"<p>Hier findet ihr Links zu meinen B\u00fcchern, die es teilweise nur als e-book gibt, noch. Einige sind wieder als Taschenbuch in Softcover erh\u00e4ltlich, wird von Amazon auf Bestellung gedruckt. Die Coverqualit\u00e4t ist noch nicht perfekt, aber ihr habt die Geschichten als Buch in den H\u00e4nden. Ich lege mich beim Genre nicht fest. Die Stoffe finden &hellip; <a href=\"http:\/\/www.ichmachwort.de\/?page_id=108\" class=\"more-link\"><span class=\"screen-reader-text\">&#8222;Ingo Stephan&#8220; <\/span>weiterlesen<\/a><\/p>\n","protected":false},"author":1,"featured_media":118,"parent":0,"menu_order":0,"comment_status":"open","ping_status":"closed","template":"","meta":{"footnotes":""},"class_list":["post-108","page","type-page","status-publish","has-post-thumbnail","hentry"],"_links":{"self":[{"href":"http:\/\/www.ichmachwort.de\/index.php?rest_route=\/wp\/v2\/pages\/108","targetHints":{"allow":["GET"]}}],"collection":[{"href":"http:\/\/www.ichmachwort.de\/index.php?rest_route=\/wp\/v2\/pages"}],"about":[{"href":"http:\/\/www.ichmachwort.de\/index.php?rest_route=\/wp\/v2\/types\/page"}],"author":[{"embeddable":true,"href":"http:\/\/www.ichmachwort.de\/index.php?rest_route=\/wp\/v2\/users\/1"}],"replies":[{"embeddable":true,"href":"http:\/\/www.ichmachwort.de\/index.php?rest_route=%2Fwp%2Fv2%2Fcomments&post=108"}],"version-history":[{"count":55,"href":"http:\/\/www.ichmachwort.de\/index.php?rest_route=\/wp\/v2\/pages\/108\/revisions"}],"predecessor-version":[{"id":654,"href":"http:\/\/www.ichmachwort.de\/index.php?rest_route=\/wp\/v2\/pages\/108\/revisions\/654"}],"wp:featuredmedia":[{"embeddable":true,"href":"http:\/\/www.ichmachwort.de\/index.php?rest_route=\/wp\/v2\/media\/118"}],"wp:attachment":[{"href":"http:\/\/www.ichmachwort.de\/index.php?rest_route=%2Fwp%2Fv2%2Fmedia&parent=108"}],"curies":[{"name":"wp","href":"https:\/\/api.w.org\/{rel}","templated":true}]}}