{"id":163,"date":"2016-08-11T15:25:10","date_gmt":"2016-08-11T13:25:10","guid":{"rendered":"http:\/\/www.ichmachwort.de\/?page_id=163"},"modified":"2019-10-05T13:32:53","modified_gmt":"2019-10-05T11:32:53","slug":"blog-zu-literatur","status":"publish","type":"page","link":"http:\/\/www.ichmachwort.de\/?page_id=163","title":{"rendered":"Blog zu Knunst in Lietartur und F\u00fclm"},"content":{"rendered":"<p>Hier werde ich hin und wieder Beitr\u00e4ge ver\u00f6ffentlichen, wie ich zu Worten, Schreiben, Lietartur als Knunst, zum Dramatischen Schreiben, zu F\u00fclm als Knunst etc stehe. Dazu auch Artikel \u00fcber Dramaturgie, Wortbedeutung &#8211; kurz, alles, wor\u00fcber ich f\u00fcr mein Schreiben und mein Dramatisieren nachdenke, werde ich hier versuchen zu illustrieren. Auch einzelne Stoffe, an denen ich arbeite, werde ich zerlegen, um zu verdeutlichen, weshalb der eine Stoff ein Buch und\/oder der andere ein F\u00fclm werden will.<\/p>\n<p>Was ist Lietartur?<br \/>\nWas unterscheidet einen Text der Lietartur von einem der modernen Literatur?<br \/>\nModerne Literatur ist Kitsch &#8211; Bestseller sind Kitsch, oder? Vorsicht vor Neid? Oder &#8211; klar Neid im Prodiktiven den Verstand?<br \/>\nWas sind die Unterschiede zwischen einem Dichter, einem Schriftsteller und einem Autor?<br \/>\nEbenso zu F\u00fclm &#8211; F\u00fclm als Kunstform im Gegensatz zu Film?<br \/>\nWie wird F\u00fclm zu Kunst oder &#8211; Film als Gipfel des Kitsches wie Wagners Opern innerhalb der Musikkunst?<br \/>\nDie Gefahr der Versentimentalisierung ganzer Menschenmassen durch Film &#8211; was ist das tats\u00e4chlich Gef\u00e4hrliche daran &#8211; Traum und Wahrheit &#8211; die Wurzel des F\u00fclms als Kunstform liegt genau hier &#8211; ist das Sentimentale der Untergang jeder Empathie?<br \/>\nDie Geburt der griechischen Trag\u00f6die als Antwort auf die Gefahr der zu intensiven Sentimentalit\u00e4t im Menschen?<br \/>\nWas trennt die Spreu vom Weizen? Das Wie, nicht das Was, oder?<br \/>\nWie sollte ein moderner Roman sein, damit er als Lietartur die Kunstform Roman weiterentwickelt und nicht allein dem literarischen Mammon dient?<br \/>\nDramatisches Schreiben in Film und F\u00fclm und in einem modernen Roman als Kunstwerk oder Bestseller &#8211; ein Gegensatz?<br \/>\nDramatisches Schreiben von den Erz\u00e4hlungen der Steinzeitmenschen am Lagerfeuer \u00fcber die Dramatik der alten Griechen bis heute &#8211; warum funktioniert das Erz\u00e4hlen, um wirklich zu emotionalisieren, noch immer nach dem gleichen Muster?<br \/>\nDramatisches Schreiben als Archetypus &#8211; Grundstruktur des menschlichen Vorstellungs- und Empfindungsverm\u00f6gens &#8211; ein gute dramatische Struktur funktioniert f\u00fcr Emotionen wie ein Lichtschalter f\u00fcr Strom.<br \/>\nAnspruch? Wozu, ich will leben vom Schreiben, also muss ich unterhalten, was solls?<br \/>\nSchopenhauer und sein Gr\u00e4uel gegen Autoren, die mit dem Schreiben Geld verdienen wollen. Aber warum nicht? Die Zeiten \u00e4ndern sich, oder &#8211; Anpassung ist das Erfolgsprinzip der Evolution, auch Mainstream genannt.<br \/>\nGegen den Strom &#8211; das beste Training f\u00fcr die Kraft des Geistes im Kampf gegen Alzheimer.<br \/>\nUnd.<br \/>\nUnd.<br \/>\nUnd.<\/p>\n","protected":false},"excerpt":{"rendered":"<p>Hier werde ich hin und wieder Beitr\u00e4ge ver\u00f6ffentlichen, wie ich zu Worten, Schreiben, Lietartur als Knunst, zum Dramatischen Schreiben, zu F\u00fclm als Knunst etc stehe. Dazu auch Artikel \u00fcber Dramaturgie, Wortbedeutung &#8211; kurz, alles, wor\u00fcber ich f\u00fcr mein Schreiben und mein Dramatisieren nachdenke, werde ich hier versuchen zu illustrieren. Auch einzelne Stoffe, an denen ich &hellip; <a href=\"http:\/\/www.ichmachwort.de\/?page_id=163\" class=\"more-link\"><span class=\"screen-reader-text\">&#8222;Blog zu Knunst in Lietartur und F\u00fclm&#8220; <\/span>weiterlesen<\/a><\/p>\n","protected":false},"author":1,"featured_media":472,"parent":0,"menu_order":0,"comment_status":"open","ping_status":"closed","template":"","meta":{"footnotes":""},"class_list":["post-163","page","type-page","status-publish","has-post-thumbnail","hentry"],"_links":{"self":[{"href":"http:\/\/www.ichmachwort.de\/index.php?rest_route=\/wp\/v2\/pages\/163","targetHints":{"allow":["GET"]}}],"collection":[{"href":"http:\/\/www.ichmachwort.de\/index.php?rest_route=\/wp\/v2\/pages"}],"about":[{"href":"http:\/\/www.ichmachwort.de\/index.php?rest_route=\/wp\/v2\/types\/page"}],"author":[{"embeddable":true,"href":"http:\/\/www.ichmachwort.de\/index.php?rest_route=\/wp\/v2\/users\/1"}],"replies":[{"embeddable":true,"href":"http:\/\/www.ichmachwort.de\/index.php?rest_route=%2Fwp%2Fv2%2Fcomments&post=163"}],"version-history":[{"count":28,"href":"http:\/\/www.ichmachwort.de\/index.php?rest_route=\/wp\/v2\/pages\/163\/revisions"}],"predecessor-version":[{"id":524,"href":"http:\/\/www.ichmachwort.de\/index.php?rest_route=\/wp\/v2\/pages\/163\/revisions\/524"}],"wp:featuredmedia":[{"embeddable":true,"href":"http:\/\/www.ichmachwort.de\/index.php?rest_route=\/wp\/v2\/media\/472"}],"wp:attachment":[{"href":"http:\/\/www.ichmachwort.de\/index.php?rest_route=%2Fwp%2Fv2%2Fmedia&parent=163"}],"curies":[{"name":"wp","href":"https:\/\/api.w.org\/{rel}","templated":true}]}}