{"id":503,"date":"2019-05-19T05:47:13","date_gmt":"2019-05-19T03:47:13","guid":{"rendered":"http:\/\/www.ichmachwort.de\/?page_id=503"},"modified":"2021-02-20T11:14:02","modified_gmt":"2021-02-20T10:14:02","slug":"der-name","status":"publish","type":"page","link":"http:\/\/www.ichmachwort.de\/?page_id=503","title":{"rendered":"der Name"},"content":{"rendered":"<p>kunst fickt leben wie rauchen tod<\/p>\n<p>warum steht das bei mir \u00fcber allem?<\/p>\n<p>weil kunst eine sucht f\u00fcr mich ist, die mit dem leben um herrschaft k\u00e4mpft und ihm dabei die opfer der kunstwerke als lebende todgeburten abringt &#8211; wie rauchen eine sucht ist, die genau das auch mit dem leben versucht und ihm alle missgeburten daraus als pflastersteine zum tod abringt. und ficken an sich ist nichts anderes. es ist der kampf um den sieg im auftrag des lebens mit den orgasmen als ehemalige troph\u00e4en auf dem weg zum tod &#8211; und jede frucht davon macht nichts anderes.<\/p>\n<p>aber &#8211; was ist f\u00fcr mich wirklich kunst?<\/p>\n<p>Kunst ist nicht daf\u00fcr da, um sie zu verstehen. deshalb ist es ja ein weibliches wort im deutschen. sie ist ein gef\u00fchl, das zur erfahrung und danach zur erkenntnis werden kann, wenn sie tats\u00e4chlich ein gef\u00fchl in mir weckt, bei dem ich sp\u00fcre, dass wahrheit und ehrlichkeit dahinter leben. Sie hat nichts mit denken zu tun, weil denken nicht vor, sondern erst nach dem gef\u00fchl kommen sollte. Denke ich vor einem gef\u00fchl, um eine von mir schon gewusste, aber noch nicht selbst gef\u00fchlte erfahrung zur erkenntnis werden zu lassen, wei\u00df ich nicht, wor\u00fcber ich denke, weil mir das gef\u00fchl als erfahrung zu diesem denken fehlt (sartres fauxpas \u2013 sein falscher schritt zur freiheit des menschen). Nat\u00fcrlich sagt jeder denker das gegenteil. Aber das ist nur eine frage der eitelkeit und des empathieverm\u00f6gens. Jedes kind f\u00fchlt erst, ehe es wirklich denken kann. Da sind wir bei kant und dem a priore. Letzteres ist das gef\u00fchl des kindes, woraus sein denken entsteht. Und wonach kant wahrscheinlich sein leben lang im denken gesucht hat. Der schl\u00fcssel zum a priore lag in seiner kindheit, was freud erkannt hat \u2013 der unbewusst kindliche entdecker der wurzeln des bewussten denkens als verhalten eines menschen mit sich und unter anderen. Ich aber glaube, dass kunstwerke ausreichen, um mich als mensch zu erfahren, wenn sie erf\u00fcllen, was ich im dritten satz oben geschrieben habe. Ich bin ja mein eigenes kunstwerk und erfahre mich darin t\u00e4glich neu. Deshalb liebe ich kunstwerke, die mir erfahrungen offenbaren, die ich schon gef\u00fchlt habe, die aber mir noch nicht zur erkenntnis geworden sind. Wie dieses bild der weltber\u00fchmten k\u00fcnstlerin Sophia Melone. Ich habe dazu ein haiku nach dem andern geschrieben, weil ich es musste.<\/p>\n<p>Und &#8211; immer daran denken, was ihr alle schon gef\u00fchlt habt &#8211; jeder empfindet die welt anders, weil jeder ein anderer teil dieser welt ist.<\/p>\n<p>Und &#8211; kitsch erweckt ein gef\u00fchl in mir, wenn \u00fcberhaupt, das ich schon erkannt habe. Kunst erweckt ein gef\u00fchl in mir, und das immer, wenn es kunst ist, das ich zwar f\u00fchlen kann, aber so, wie ich es im kunstwerk vor mir habe, noch nicht erkannt habe.<\/p>\n<p>und seht euch zu meinen haiku das gro\u00dfartige bild dieser k\u00fcnstlerin an<\/p>\n<p>Der Baum ist die Wurzel.<br \/>\nMit schweren H\u00e4nden<br \/>\ntr\u00e4gt er den Himmel.<\/p>\n<p>Angst hat er<br \/>\nvor dem seelenhungrigen Specht,<br \/>\nder seine Haut durchbohrt.<\/p>\n<p>Wenn du aufschreist,<br \/>\nhaben Fische aus Furcht<br \/>\nTr\u00e4nen in den Augen.<\/p>\n<p>Schmerz f\u00e4llt einsam<br \/>\ndurch die Nacht<br \/>\nwie eine Schneeflocke.<\/p>\n<p>Versteckt h\u00e4lt die kleine Hand<br \/>\ndein Auge zwischen<br \/>\nSonne und Mond.<\/p>\n<p>Im Fr\u00fchling erbl\u00fcht<br \/>\nder Chor aller Vogelstimmen<br \/>\nzur Nachtigall.<\/p>\n<p>Nicht mehr allein,<br \/>\nist sie verstummt und<br \/>\nhat den Sommer gefunden.<\/p>\n<p>Der Dieb f\u00e4llt als<br \/>\nboshaftes Gespenst<br \/>\nvom Himmel im Herbst.<\/p>\n<p>Doch farbenfroh tr\u00e4gt der Baum<br \/>\nmit Melonenfreude<br \/>\nsein Hiersein.<\/p>\n<p>Im Schatten des Frostes<br \/>\nverwelkt eine Blume<br \/>\nim Herzen der Frucht.<\/p>\n<p>24a@web.de<\/p>\n","protected":false},"excerpt":{"rendered":"<p>kunst fickt leben wie rauchen tod warum steht das bei mir \u00fcber allem? weil kunst eine sucht f\u00fcr mich ist, die mit dem leben um herrschaft k\u00e4mpft und ihm dabei die opfer der kunstwerke als lebende todgeburten abringt &#8211; wie rauchen eine sucht ist, die genau das auch mit dem leben versucht und ihm alle &hellip; <a href=\"http:\/\/www.ichmachwort.de\/?page_id=503\" class=\"more-link\"><span class=\"screen-reader-text\">&#8222;der Name&#8220; <\/span>weiterlesen<\/a><\/p>\n","protected":false},"author":1,"featured_media":472,"parent":0,"menu_order":0,"comment_status":"closed","ping_status":"closed","template":"","meta":{"footnotes":""},"class_list":["post-503","page","type-page","status-publish","has-post-thumbnail","hentry"],"_links":{"self":[{"href":"http:\/\/www.ichmachwort.de\/index.php?rest_route=\/wp\/v2\/pages\/503","targetHints":{"allow":["GET"]}}],"collection":[{"href":"http:\/\/www.ichmachwort.de\/index.php?rest_route=\/wp\/v2\/pages"}],"about":[{"href":"http:\/\/www.ichmachwort.de\/index.php?rest_route=\/wp\/v2\/types\/page"}],"author":[{"embeddable":true,"href":"http:\/\/www.ichmachwort.de\/index.php?rest_route=\/wp\/v2\/users\/1"}],"replies":[{"embeddable":true,"href":"http:\/\/www.ichmachwort.de\/index.php?rest_route=%2Fwp%2Fv2%2Fcomments&post=503"}],"version-history":[{"count":3,"href":"http:\/\/www.ichmachwort.de\/index.php?rest_route=\/wp\/v2\/pages\/503\/revisions"}],"predecessor-version":[{"id":569,"href":"http:\/\/www.ichmachwort.de\/index.php?rest_route=\/wp\/v2\/pages\/503\/revisions\/569"}],"wp:featuredmedia":[{"embeddable":true,"href":"http:\/\/www.ichmachwort.de\/index.php?rest_route=\/wp\/v2\/media\/472"}],"wp:attachment":[{"href":"http:\/\/www.ichmachwort.de\/index.php?rest_route=%2Fwp%2Fv2%2Fmedia&parent=503"}],"curies":[{"name":"wp","href":"https:\/\/api.w.org\/{rel}","templated":true}]}}