{"id":660,"date":"2023-08-10T09:51:17","date_gmt":"2023-08-10T07:51:17","guid":{"rendered":"http:\/\/www.ichmachwort.de\/?page_id=660"},"modified":"2023-08-10T10:06:33","modified_gmt":"2023-08-10T08:06:33","slug":"haenschen-klein-2","status":"publish","type":"page","link":"http:\/\/www.ichmachwort.de\/?page_id=660","title":{"rendered":"H\u00e4nschen klein"},"content":{"rendered":"<p>Hier findet ihr meinen Thriller &#8222;H\u00e4nschen klein&#8220; als Roman zum H\u00f6ren, gelesen von mir, St\u00fcck f\u00fcr St\u00fcck und am Ende in einem St\u00fcck. Viel Spa\u00df!<\/p>\n<audio class=\"wp-audio-shortcode\" id=\"audio-660-1\" preload=\"none\" style=\"width: 100%;\" controls=\"controls\"><source type=\"audio\/mpeg\" src=\"http:\/\/www.ichmachwort.de\/wp-content\/uploads\/2023\/08\/hans1.1.mp3?_=1\" \/><a href=\"http:\/\/www.ichmachwort.de\/wp-content\/uploads\/2023\/08\/hans1.1.mp3\">http:\/\/www.ichmachwort.de\/wp-content\/uploads\/2023\/08\/hans1.1.mp3<\/a><\/audio>\n","protected":false},"excerpt":{"rendered":"<p>Hier findet ihr meinen Thriller &#8222;H\u00e4nschen klein&#8220; als Roman zum H\u00f6ren, gelesen von mir, St\u00fcck f\u00fcr St\u00fcck und am Ende in einem St\u00fcck. Viel Spa\u00df! http:\/\/www.ichmachwort.de\/wp-content\/uploads\/2023\/08\/hans1.1.mp3<\/p>\n","protected":false},"author":1,"featured_media":0,"parent":0,"menu_order":0,"comment_status":"closed","ping_status":"closed","template":"","meta":{"footnotes":""},"class_list":["post-660","page","type-page","status-publish","hentry"],"_links":{"self":[{"href":"http:\/\/www.ichmachwort.de\/index.php?rest_route=\/wp\/v2\/pages\/660","targetHints":{"allow":["GET"]}}],"collection":[{"href":"http:\/\/www.ichmachwort.de\/index.php?rest_route=\/wp\/v2\/pages"}],"about":[{"href":"http:\/\/www.ichmachwort.de\/index.php?rest_route=\/wp\/v2\/types\/page"}],"author":[{"embeddable":true,"href":"http:\/\/www.ichmachwort.de\/index.php?rest_route=\/wp\/v2\/users\/1"}],"replies":[{"embeddable":true,"href":"http:\/\/www.ichmachwort.de\/index.php?rest_route=%2Fwp%2Fv2%2Fcomments&post=660"}],"version-history":[{"count":3,"href":"http:\/\/www.ichmachwort.de\/index.php?rest_route=\/wp\/v2\/pages\/660\/revisions"}],"predecessor-version":[{"id":665,"href":"http:\/\/www.ichmachwort.de\/index.php?rest_route=\/wp\/v2\/pages\/660\/revisions\/665"}],"wp:attachment":[{"href":"http:\/\/www.ichmachwort.de\/index.php?rest_route=%2Fwp%2Fv2%2Fmedia&parent=660"}],"curies":[{"name":"wp","href":"https:\/\/api.w.org\/{rel}","templated":true}]}}